{"id":12,"date":"2014-11-18T16:22:28","date_gmt":"2014-11-18T16:22:28","guid":{"rendered":"http:\/\/osrodekpsychologiczny.com\/?page_id=12"},"modified":"2026-04-28T00:55:50","modified_gmt":"2026-04-28T05:55:50","slug":"home","status":"publish","type":"page","link":"https:\/\/osrodekpsychologiczny.com\/","title":{"rendered":"Home"},"content":{"rendered":"<p>Polski O\u015brodek Psychologiczny dzia\u0142a w USA, w stanie New Jersey od marca 2004 r. W roku 2024 obchodzili\u015bmy 20-t\u0105 rocznic\u0119 naszej dzia\u0142alno\u015bci.<\/p>\n<p>Do naszego O\u015brodka zapraszamy osoby z najbli\u017cszych okolic &#8211; Garfield, Wallington, Elmwood Park oraz Clifton. Go\u015bcimy tu r\u00f3wnie\u017c osoby z okolic Linden, Elizabeth, Clark, Bayonne, Jersey City, Trenton, a tak\u017ce osoby z okolicznych stan\u00f3w &#8211; Nowy Jork, Pensylwania oraz Connecticut. Wszystkich zawsze serdecznie zapraszamy!<\/p>\n<p>Sukcesywnie poszerzamy nasza ofert\u0119. Obecnie oferujemy szereg program\u00f3w realizowanych w ramach spotka\u0144 indywidualnych i grupowych. Zapraszamy dzieci, m\u0142odzie\u017c i doros\u0142ych, a tak\u017ce ma\u0142\u017ce\u0144stwa i rodziny.<\/p>\n<p>W naszym O\u015brodku organizujemy tak\u017ce warsztaty i konsultacje. Na szczeg\u00f3ln\u0105 uwag\u0119 zas\u0142uguj\u0105 tak\u017ce zaj\u0119cia terapeutyczne przeznaczone dla dzieci.<\/p>\n<p>Proponujemy szeroki wachlarz us\u0142ug w j\u0119zyku polskim. S\u0105 wsr\u00f3d nich programy akceptowane przez IDRC, DCP&amp;P, ADV, Family Court, Probation, Parole oraz inne. Na szczeg\u00f3ln\u0105 uwag\u0119 zas\u0142uguj\u0105:<\/p>\n<ul>\n<li>terapia opanowywania emocji (anger management)<\/li>\n<li>ambulatoryjna terapia uzale\u017cnie\u0144 (o r\u00f3znej intensywno\u015bci, spe\u0142niaj\u0105ca wymagania IDRC, probation, parole)<\/li>\n<li>programy dla kierowc\u00f3w z zwieszonym prawem jazdy z powodu DWI oraz DUI.<\/li>\n<li>grupy dla rodzic\u00f3w (parenting classes)<\/li>\n<\/ul>\n<p>Polski O\u015br\u00f3dek Psychologiczny otwarty jest w godzinach 9am &#8211; 9pm.<\/p>\n<p>Nasze programy, grupy terapeutyczne i spotkania indywidualne odbywaj\u0105 sie w dogodnych godzinach porannych i wieczornych.<\/p>\n<p>Godziny spotka\u0144 ustalane s\u0105 indywidualnie.<\/p>\n<p>Na spotkania zapraszamy tylko osoby um\u00f3wione. Mo\u017cna to zrobi\u0107 telefonicznie lub\u00a0poprzez e-mail.<\/p>\n","protected":false},"excerpt":{"rendered":"<p>Polski O\u015brodek Psychologiczny dzia\u0142a w USA, w stanie New Jersey od marca 2004 r. W roku 2024 obchodzili\u015bmy 20-t\u0105 rocznic\u0119 naszej dzia\u0142alno\u015bci. Do naszego O\u015brodka zapraszamy osoby z najbli\u017cszych okolic &#8211; Garfield, Wallington, Elmwood Park oraz Clifton. Go\u015bcimy tu r\u00f3wnie\u017c &hellip; <a class=\"more-link\" href=\"https:\/\/osrodekpsychologiczny.com\/\">Continue reading <span class=\"meta-nav\">&rarr;<\/span><\/a><\/p>\n","protected":false},"author":1,"featured_media":0,"parent":0,"menu_order":0,"comment_status":"closed","ping_status":"closed","template":"","meta":{"footnotes":""},"class_list":["post-12","page","type-page","status-publish","hentry"],"_links":{"self":[{"href":"https:\/\/osrodekpsychologiczny.com\/index.php?rest_route=\/wp\/v2\/pages\/12","targetHints":{"allow":["GET"]}}],"collection":[{"href":"https:\/\/osrodekpsychologiczny.com\/index.php?rest_route=\/wp\/v2\/pages"}],"about":[{"href":"https:\/\/osrodekpsychologiczny.com\/index.php?rest_route=\/wp\/v2\/types\/page"}],"author":[{"embeddable":true,"href":"https:\/\/osrodekpsychologiczny.com\/index.php?rest_route=\/wp\/v2\/users\/1"}],"replies":[{"embeddable":true,"href":"https:\/\/osrodekpsychologiczny.com\/index.php?rest_route=%2Fwp%2Fv2%2Fcomments&post=12"}],"version-history":[{"count":17,"href":"https:\/\/osrodekpsychologiczny.com\/index.php?rest_route=\/wp\/v2\/pages\/12\/revisions"}],"predecessor-version":[{"id":197,"href":"https:\/\/osrodekpsychologiczny.com\/index.php?rest_route=\/wp\/v2\/pages\/12\/revisions\/197"}],"wp:attachment":[{"href":"https:\/\/osrodekpsychologiczny.com\/index.php?rest_route=%2Fwp%2Fv2%2Fmedia&parent=12"}],"curies":[{"name":"wp","href":"https:\/\/api.w.org\/{rel}","templated":true}]}}