{"id":15,"date":"2014-11-18T22:13:12","date_gmt":"2014-11-18T22:13:12","guid":{"rendered":"http:\/\/osrodekpsychologiczny.com\/?page_id=15"},"modified":"2017-10-16T19:39:25","modified_gmt":"2017-10-17T00:39:25","slug":"psychoterapia","status":"publish","type":"page","link":"https:\/\/osrodekpsychologiczny.com\/?page_id=15","title":{"rendered":"Psychoterapia"},"content":{"rendered":"<h3 align=\"center\">Proponujemy:<\/h3>\n<p>&nbsp;<\/p>\n<ul>\n<li>Psychoterapi\u0119 indywidualn\u0105\n<p>oraz:<\/li>\n<li>Psychoterapi\u0119 grupow\u0105 <\/li>\n<li>Psychoterapi\u0119 par, ma\u0142\u017ce\u0144stw i rodzin <\/li>\n<li>Psychoterapi\u0119 uzale\u017cnie\u0144 <\/li>\n<\/ul>\n<p><b>Co to jest psychoterapia? <\/b><br \/>\nPsychoterapia jest rodzajem pracy nad soba, o charakterze psychologicznym, w celu uzyskania wiekszej swiadomosci siebie, dokonania zmiany w swoim zyciu. Zmiana moze dotyczyc sfery uczuc, myslenia, zachowania. Czesto oczekiwana jest taka zmiana, kt\u00f3ra wplynie na relacje z innymi ludzmi.<\/p>\n<p><b>Dla kogo jest przeznaczona? <\/b><br \/>\nPsychoterapia przeznaczona jest do os\u00f3b cierpiacych lub doswiadczajacych trudnosci w zyciu, kt\u00f3re powoduja chec zmiany siebie, a poprzez to zmiane swojego dotychczasowego zycia. Inna motywacja do podjecia psychoterapii jest potrzeba wlasnego rozwoju, lepszego rozumienia siebie, nawiazania glebszego kontaktu z samym soba. Psychoterapia ma wtedy charakter rozwojowy. Czasami decyzja o zgloszeniu do psychoterapii nie jest wewnetrzna decyzja, ale sugestia lekarzy, rodziny, przyjaci\u00f3l. Jesli ta osoba z czasem przekona sie do tych sugestii i zgodzi sie wewnetrznie na psychoterapie, to moze wiele dokonac poprzez ten rodzaj pracy nad soba.<\/p>\n<p><b>Watpliwosci i obawy <\/b><br \/>\nBardzo czesto psychoterapia wzbudza r\u00f3zne obawy, zwlaszcza przed nieznanym, wiele os\u00f3b zastanawia sie, jak psychoterapia ich zmieni, jacy beda, kim beda za jakis czas. Niekt\u00f3rzy obawiaja sie braku wplywu na proces psychoterapii. Podczas gdy tak naprawde, ten proces toczy sie wlasnie w nich, to oni pozwalaja mu rozwijac sie lub zatrzymuja go, kiedy toczy sie zbyt szybko lub ujawnia cos co niepokoi. Psychoterapeuta jest zas towarzyszem w tym procesie, pomaga nazywac, rozpoznawac to co sie pojawia. Niekt\u00f3rzy obawiaja sie otwarcia na tematy ze swojego zycia, kt\u00f3re do tej pory byly tematami tabu lub malo poruszanymi, zastanawiaja sie co wtedy stanie sie z ich zyciem, szukaja w sobie przyzwolenia aby poruszyc te sprawy. Jeszcze inni obawiaja sie reakcji pschoterapeuty, os\u00f3b w grupie terapeutycznej, co bedzie kiedy dowiedza sie co im dolega, co ich boli, z czym im trudno zyc. Wyobrazaja sobie, ze moga innym wydac sie smieszni lub ktos zbagatelizuje ich problemy. Trudno im sobie wyobrazic, ze moga otrzymac od innych zainteresowanie, zrozumienie, uwage i ze nikt nie bedzie dokonywal pomiar\u00f3w wagi ich problem\u00f3w, bo takiej miary nie ma.<\/p>\n<p><b>Czego dotyczy? <\/b><br \/>\nNie ma reguly na to czego dotyczy psychoterapia, czasami zmienia sie to w toku pracy. Czasami bardziej aktualnego zycia, czasami koncentruje sie na przeszlosci, moga tez wzajemnie przeplatac sie watki aktualnego zycia z przeszloscia. Najlepiej kiedy mozna podazac za tym co pojawia sie w przezyciach, skojarzeniach, bez ograniczania pojawiajacych sie tresci, bez temat\u00f3w tabu.<\/p>\n<p>Psychoterapia jest inwestycja w swoje zycie, choc najczesciej tego okreslenia uzywa sie w stosunku do dzialan, kt\u00f3rych rezultat bedzie mial wymiar materialny. Tutaj pojawia sie wymiar, kt\u00f3ry nie jest namacalny, widoczny golym okiem, ale taki, kt\u00f3ry moze sprawic, ze ktos polubi siebie, nie bedzie musial stale szukac na zewnatrz, tego co sam od zawsze ma, uwolni sie od balastu przeszlosci, kt\u00f3ry stale dzwiga.\u00a0\u00a0<!-- <IMG SRC=\"kwiatek-15.jpg\" WIDTH=\"123\" HEIGHT=\"150\" HSPACE=\"25\" VSPACE=\"40\" BORDER=\"0\" ALIGN=\"RIGHT\" ALT=\"\">\n<P ALIGN=\"CENTER\"> --><\/p>\n","protected":false},"excerpt":{"rendered":"<p>Proponujemy: &nbsp; Psychoterapi\u0119 indywidualn\u0105 oraz: Psychoterapi\u0119 grupow\u0105 Psychoterapi\u0119 par, ma\u0142\u017ce\u0144stw i rodzin Psychoterapi\u0119 uzale\u017cnie\u0144 Co to jest psychoterapia? Psychoterapia jest rodzajem pracy nad soba, o charakterze psychologicznym, w celu uzyskania wiekszej swiadomosci siebie, dokonania zmiany w swoim zyciu. Zmiana moze &hellip; <a class=\"more-link\" href=\"https:\/\/osrodekpsychologiczny.com\/?page_id=15\">Continue reading <span class=\"meta-nav\">&rarr;<\/span><\/a><\/p>\n","protected":false},"author":1,"featured_media":0,"parent":6,"menu_order":0,"comment_status":"closed","ping_status":"closed","template":"","meta":{"footnotes":""},"class_list":["post-15","page","type-page","status-publish","hentry"],"_links":{"self":[{"href":"https:\/\/osrodekpsychologiczny.com\/index.php?rest_route=\/wp\/v2\/pages\/15","targetHints":{"allow":["GET"]}}],"collection":[{"href":"https:\/\/osrodekpsychologiczny.com\/index.php?rest_route=\/wp\/v2\/pages"}],"about":[{"href":"https:\/\/osrodekpsychologiczny.com\/index.php?rest_route=\/wp\/v2\/types\/page"}],"author":[{"embeddable":true,"href":"https:\/\/osrodekpsychologiczny.com\/index.php?rest_route=\/wp\/v2\/users\/1"}],"replies":[{"embeddable":true,"href":"https:\/\/osrodekpsychologiczny.com\/index.php?rest_route=%2Fwp%2Fv2%2Fcomments&post=15"}],"version-history":[{"count":3,"href":"https:\/\/osrodekpsychologiczny.com\/index.php?rest_route=\/wp\/v2\/pages\/15\/revisions"}],"predecessor-version":[{"id":148,"href":"https:\/\/osrodekpsychologiczny.com\/index.php?rest_route=\/wp\/v2\/pages\/15\/revisions\/148"}],"up":[{"embeddable":true,"href":"https:\/\/osrodekpsychologiczny.com\/index.php?rest_route=\/wp\/v2\/pages\/6"}],"wp:attachment":[{"href":"https:\/\/osrodekpsychologiczny.com\/index.php?rest_route=%2Fwp%2Fv2%2Fmedia&parent=15"}],"curies":[{"name":"wp","href":"https:\/\/api.w.org\/{rel}","templated":true}]}}