{"id":20,"date":"2014-11-18T22:19:05","date_gmt":"2014-11-18T22:19:05","guid":{"rendered":"http:\/\/osrodekpsychologiczny.com\/?page_id=20"},"modified":"2014-11-22T06:29:44","modified_gmt":"2014-11-22T06:29:44","slug":"konsultacje","status":"publish","type":"page","link":"https:\/\/osrodekpsychologiczny.com\/?page_id=20","title":{"rendered":"Konsultacje"},"content":{"rendered":"<p>Konsultacja psychologiczna sluzy do okreslenia powodu zgloszenia, zapotrzebowania, cel\u00f3w jakie chce osiagnac osoba zglaszajaca sie.<br \/>\nJest to czas, kt\u00f3ry sluzy ustaleniu jak mialaby przebiegac pomoc psychologiczna i jaki ma miec charakter (psychoterapii indywidualnej, grupowej, interwencji kryzysowej, itp.).<\/p>\n<p>To nie jest konieczne, aby ktos kto decyduje sie przyjsc na konsultacje mial okreslone cele, wiedzial dokladnie czego potrzebuje. Czasami jest tak, ze okreslamy to wsp\u00f3lnie podczas tych wstepnych rozm\u00f3w jakimi sa konsultacje, temu one sluza.<br \/>\nKonsultacje psychologiczne trwaj\u0105 zazwyczaj 1 do 3 spotka\u0144 (czasami mo\u017ce by\u0107 ich wiecej).<br \/>\nDecyzja na psychoterapie wcale nie jest prosta i latwa, a wrecz przeciwnie wymaga duzej odwagi i silnego postanowienia &#8220;mam juz dosc takiego zycia jak do tej pory&#8230;&#8221;<\/p>\n<p>Konsultacje psychologiczne proponujemy tak\u017ce osobom, kt\u00f3re znajduj\u0105 si\u0119 w sytuacji kryzysowej i chc\u0105 odby\u0107 jedno lub kilka spotka\u0144 z psychologiem, aby uzyska\u0107 rad\u0119 i wsparcie.<\/p>\n<p>Konsultacja trwa 60 min.<\/p>\n","protected":false},"excerpt":{"rendered":"<p>Konsultacja psychologiczna sluzy do okreslenia powodu zgloszenia, zapotrzebowania, cel\u00f3w jakie chce osiagnac osoba zglaszajaca sie. Jest to czas, kt\u00f3ry sluzy ustaleniu jak mialaby przebiegac pomoc psychologiczna i jaki ma miec charakter (psychoterapii indywidualnej, grupowej, interwencji kryzysowej, itp.). To nie jest &hellip; <a class=\"more-link\" href=\"https:\/\/osrodekpsychologiczny.com\/?page_id=20\">Continue reading <span class=\"meta-nav\">&rarr;<\/span><\/a><\/p>\n","protected":false},"author":1,"featured_media":0,"parent":6,"menu_order":1,"comment_status":"closed","ping_status":"closed","template":"","meta":{"footnotes":""},"class_list":["post-20","page","type-page","status-publish","hentry"],"_links":{"self":[{"href":"https:\/\/osrodekpsychologiczny.com\/index.php?rest_route=\/wp\/v2\/pages\/20","targetHints":{"allow":["GET"]}}],"collection":[{"href":"https:\/\/osrodekpsychologiczny.com\/index.php?rest_route=\/wp\/v2\/pages"}],"about":[{"href":"https:\/\/osrodekpsychologiczny.com\/index.php?rest_route=\/wp\/v2\/types\/page"}],"author":[{"embeddable":true,"href":"https:\/\/osrodekpsychologiczny.com\/index.php?rest_route=\/wp\/v2\/users\/1"}],"replies":[{"embeddable":true,"href":"https:\/\/osrodekpsychologiczny.com\/index.php?rest_route=%2Fwp%2Fv2%2Fcomments&post=20"}],"version-history":[{"count":2,"href":"https:\/\/osrodekpsychologiczny.com\/index.php?rest_route=\/wp\/v2\/pages\/20\/revisions"}],"predecessor-version":[{"id":71,"href":"https:\/\/osrodekpsychologiczny.com\/index.php?rest_route=\/wp\/v2\/pages\/20\/revisions\/71"}],"up":[{"embeddable":true,"href":"https:\/\/osrodekpsychologiczny.com\/index.php?rest_route=\/wp\/v2\/pages\/6"}],"wp:attachment":[{"href":"https:\/\/osrodekpsychologiczny.com\/index.php?rest_route=%2Fwp%2Fv2%2Fmedia&parent=20"}],"curies":[{"name":"wp","href":"https:\/\/api.w.org\/{rel}","templated":true}]}}