{"id":25,"date":"2014-11-18T22:22:28","date_gmt":"2014-11-18T22:22:28","guid":{"rendered":"http:\/\/osrodekpsychologiczny.com\/?page_id=25"},"modified":"2014-11-22T20:13:04","modified_gmt":"2014-11-22T20:13:04","slug":"dla-dzieci","status":"publish","type":"page","link":"https:\/\/osrodekpsychologiczny.com\/?page_id=25","title":{"rendered":"Dla Dzieci"},"content":{"rendered":"<h3 align=\"center\">Zajecia terapeutyczne dla dzieci<\/h3>\n<p><b><\/b> Przeznaczone sa dla dzieci, u kt\u00f3rych wystepuja problemy emocjonalne, lek, nadpobudliwosc, niesmialosc, trudnosci adaptacyjne lub trudnosci w radzeniu sobie ze zloscia.<\/p>\n<p>Celem zajec jest stymulowanie og\u00f3lnego rozwoju dzieci, wyr\u00f3wnanie dysharmonii rozwojowych, ksztaltowanie osobowosci i rozbudzanie ciekawosci poznawczej.<\/p>\n<p>Podczas zajec realizujemy specjalny program, kt\u00f3ry obejmuje m.in.: terapie ruchowa, plastyczna, muzyczna, terapie zabawa oraz elementy cwiczen relaksacyjnych. W trakcie zajec dziecko nabywa umiejetnosc kontrolowania wlasnych emocji i zachowan, moze rozladowac nagromadzona energie i odreagowac napiecia emocjonalne, wzmacnia poczucie wlasnej wartosci i uczy sie nawiazywania dobrego kontaktu z otoczeniem.<\/p>\n<p>Zamierzone efekty osi\u0105gamy poprzez:<\/p>\n<ul>\n<li>cwiczenia prowadzace do poznania wlasnego ciala<\/li>\n<li>cwiczenia pomagajace zdobyc pewnosc siebie i poczucie bezpieczenstwa w otoczeniu<\/li>\n<li>cwiczenia ulatwiajace nawiazywanie kontaktu i wsp\u00f3lpracy z partnerem i grupa<\/li>\n<li>cwiczenia tw\u00f3rcze<\/li>\n<li>cwiczenia tematyczne<\/li>\n<\/ul>\n<p>Formy zajec pozwalaja ksztaltowac wiele sfer rozwojowych, mi\u0119dzy innymi sprawnosc motoryczna, operacje myslowe i inne procesy poznawcze, doskonalenie mowy, sprawno\u015b\u0107 manualna, a tak\u017ce kszta\u0142towanie r\u00f3l spolecznych.<\/p>\n<p>Zajecia terapeutyczne maja charakter indywidualny lub grupowy. Prowadzone sa przez terapeut\u00f3w doswiadczonych w pracy z dzie\u0107mi.<\/p>\n","protected":false},"excerpt":{"rendered":"<p>Zajecia terapeutyczne dla dzieci Przeznaczone sa dla dzieci, u kt\u00f3rych wystepuja problemy emocjonalne, lek, nadpobudliwosc, niesmialosc, trudnosci adaptacyjne lub trudnosci w radzeniu sobie ze zloscia. Celem zajec jest stymulowanie og\u00f3lnego rozwoju dzieci, wyr\u00f3wnanie dysharmonii rozwojowych, ksztaltowanie osobowosci i rozbudzanie ciekawosci &hellip; <a class=\"more-link\" href=\"https:\/\/osrodekpsychologiczny.com\/?page_id=25\">Continue reading <span class=\"meta-nav\">&rarr;<\/span><\/a><\/p>\n","protected":false},"author":1,"featured_media":0,"parent":6,"menu_order":3,"comment_status":"closed","ping_status":"closed","template":"","meta":{"footnotes":""},"class_list":["post-25","page","type-page","status-publish","hentry"],"_links":{"self":[{"href":"https:\/\/osrodekpsychologiczny.com\/index.php?rest_route=\/wp\/v2\/pages\/25","targetHints":{"allow":["GET"]}}],"collection":[{"href":"https:\/\/osrodekpsychologiczny.com\/index.php?rest_route=\/wp\/v2\/pages"}],"about":[{"href":"https:\/\/osrodekpsychologiczny.com\/index.php?rest_route=\/wp\/v2\/types\/page"}],"author":[{"embeddable":true,"href":"https:\/\/osrodekpsychologiczny.com\/index.php?rest_route=\/wp\/v2\/users\/1"}],"replies":[{"embeddable":true,"href":"https:\/\/osrodekpsychologiczny.com\/index.php?rest_route=%2Fwp%2Fv2%2Fcomments&post=25"}],"version-history":[{"count":3,"href":"https:\/\/osrodekpsychologiczny.com\/index.php?rest_route=\/wp\/v2\/pages\/25\/revisions"}],"predecessor-version":[{"id":96,"href":"https:\/\/osrodekpsychologiczny.com\/index.php?rest_route=\/wp\/v2\/pages\/25\/revisions\/96"}],"up":[{"embeddable":true,"href":"https:\/\/osrodekpsychologiczny.com\/index.php?rest_route=\/wp\/v2\/pages\/6"}],"wp:attachment":[{"href":"https:\/\/osrodekpsychologiczny.com\/index.php?rest_route=%2Fwp%2Fv2%2Fmedia&parent=25"}],"curies":[{"name":"wp","href":"https:\/\/api.w.org\/{rel}","templated":true}]}}