{"id":29,"date":"2014-11-18T22:27:07","date_gmt":"2014-11-18T22:27:07","guid":{"rendered":"http:\/\/osrodekpsychologiczny.com\/?page_id=29"},"modified":"2014-11-18T22:27:07","modified_gmt":"2014-11-18T22:27:07","slug":"leksykon","status":"publish","type":"page","link":"https:\/\/osrodekpsychologiczny.com\/?page_id=29","title":{"rendered":"Leksykon"},"content":{"rendered":"<p><strong>Depresja<\/p>\n<p><\/strong> Depresja to powszechnie uzywane slowo na okreslenie kazdego zlego samopoczucia psychicznego. Depresja bedaca choroba, oznacza zupelnie inny zesp\u00f3l objaw\u00f3w.<\/p>\n<p>Poczatkowo pojawia sie smutek. Zywe dotad emocje staja sie stonowane, przezywanie przyjemnych rzeczy splyca sie. Gdy smutek zdominuje wszystkie wystepujace w nas emocje pojawia sie w nas uczucie rozpaczy. Jestesmy bezsilni wobec ogarniajacego przygnebienia, nie pozwalajacego nieraz na opuszczenie l\u00f3zka, po przerywanej bezsennoscia nocy. Nasze zainteresowania ubozeja, trudno nam sie skupic. Mysli kraza tylko wok\u00f3l wydarzen smutnych, czarno widzimy terazniejszosc i przyszlosc. Opuszcza nas apetyt. Nie mozemy pracowac, nie mozemy nic robic. Zdarza sie, ze pojawiaja sie mysli samob\u00f3jcze.<br \/>\nTo ostatni sygnal by znalezc sie u specjalisty.<br \/>\nLeczenie depresji, mimo ze dosc dlugie, trwale nas z niej wyprowadza.<\/p>\n<p><b>Nerwica<\/b><\/p>\n<p>Objawia si\u0119 z\u0142ym samopoczuciem i zmeczeniem oraz r\u00f3\u017cnymi dolegliwosciami plynacymi z naszego ciala. Odczuwamy lek i niepok\u00f3j &#8211; dokladnie tak, jakbysmy sie czegos bali. Nie jest to strach, bo wtedy boimy sie konkretnej sprawy czy sytuacji i jest to obiektywnie uzasadnione.<\/p>\n<p>W nerwicy pojawia sie i plynie stan nieprzyjemnego niepokoju, kt\u00f3ry przewaznie zaczyna sie w glowie lub w okolicy serca czy zoladka. Towarzysza mu fizjologiczne objawy leku: przyspieszone bicie serca, przyspieszenie oddechu, poty, niejednokrotnie parcie na stolec czy czeste oddawanie moczu. Osoby cierpiace z powodu nerwicy skarza sie na nudnosci, zawroty glowy, b\u00f3le serca, trudnosci ze snem.<\/p>\n<p>Moga sie pojawiac objawy imitujace tak wiele chor\u00f3b, ze nie spos\u00f3b ich tutaj wymienic. Dopiero po wykonaniu r\u00f3znorodnych badan laboratoryjnych, kiedy wyniki wykluczaja istnienie choroby ciala, lekarze zaczynaja myslec o chorobie duszy.<\/p>\n<p><b>Uzale\u017cnienia<\/b><\/p>\n<p>Najczesciej uzywane substancje psychoaktywne to opiaty (heroina), kanabinole (marihuana, haszysz), leki uspokajajace i nasenne, kokaina, halucynogeny, lotne rozpuszczalniki, alkohol i nikotyna.<\/p>\n<p>Na objawy zespolu uzaleznienia skladaja sie nastepujace cechy:<\/p>\n<ul>\n<li>silne pragnienie lub przymus przyjmowania substancji,<\/li>\n<li>uposledzona zdolnosc kontroli ilosci i czasu przyjmowania substancji,<\/li>\n<li>objawy stanu abstynencyjnego pojawiajace sie po przerwaniu przyjmowania substancji,<\/li>\n<li>wzrost tolerancji wobec dzialania substancji tj. koniecznosc przyjmowania istotnie wzrastajacych jej ilosci,<\/li>\n<li>istotna zmiana dotychczasowych zainteresowan porzucanych dla przyjmowania substancji,<\/li>\n<li>uporczywe przyjmowanie substancji mimo oczywistych dowod\u00f3w jej szkodliwych nastepstw.<\/li>\n<\/ul>\n<p>Wsr\u00f3d objaw\u00f3w zespolu abstynencyjnego pojawiajacego sie po zaprzestaniu przyjmowania substancji psychoaktywnych mozna wyr\u00f3znic:<\/p>\n<ul>\n<li>b\u00f3le i skurcze miesniowe<\/li>\n<li>nudnosci i wymioty<\/li>\n<li>biegunke<\/li>\n<li>drzenie miesniowe<\/li>\n<li>lek<\/li>\n<li>drazliwy nastr\u00f3j<\/li>\n<li>czasem napady drgawkowe<\/li>\n<\/ul>\n","protected":false},"excerpt":{"rendered":"<p>Depresja Depresja to powszechnie uzywane slowo na okreslenie kazdego zlego samopoczucia psychicznego. Depresja bedaca choroba, oznacza zupelnie inny zesp\u00f3l objaw\u00f3w. Poczatkowo pojawia sie smutek. Zywe dotad emocje staja sie stonowane, przezywanie przyjemnych rzeczy splyca sie. Gdy smutek zdominuje wszystkie wystepujace &hellip; <a class=\"more-link\" href=\"https:\/\/osrodekpsychologiczny.com\/?page_id=29\">Continue reading <span class=\"meta-nav\">&rarr;<\/span><\/a><\/p>\n","protected":false},"author":1,"featured_media":0,"parent":0,"menu_order":2,"comment_status":"closed","ping_status":"closed","template":"","meta":{"footnotes":""},"class_list":["post-29","page","type-page","status-publish","hentry"],"_links":{"self":[{"href":"https:\/\/osrodekpsychologiczny.com\/index.php?rest_route=\/wp\/v2\/pages\/29","targetHints":{"allow":["GET"]}}],"collection":[{"href":"https:\/\/osrodekpsychologiczny.com\/index.php?rest_route=\/wp\/v2\/pages"}],"about":[{"href":"https:\/\/osrodekpsychologiczny.com\/index.php?rest_route=\/wp\/v2\/types\/page"}],"author":[{"embeddable":true,"href":"https:\/\/osrodekpsychologiczny.com\/index.php?rest_route=\/wp\/v2\/users\/1"}],"replies":[{"embeddable":true,"href":"https:\/\/osrodekpsychologiczny.com\/index.php?rest_route=%2Fwp%2Fv2%2Fcomments&post=29"}],"version-history":[{"count":1,"href":"https:\/\/osrodekpsychologiczny.com\/index.php?rest_route=\/wp\/v2\/pages\/29\/revisions"}],"predecessor-version":[{"id":31,"href":"https:\/\/osrodekpsychologiczny.com\/index.php?rest_route=\/wp\/v2\/pages\/29\/revisions\/31"}],"wp:attachment":[{"href":"https:\/\/osrodekpsychologiczny.com\/index.php?rest_route=%2Fwp%2Fv2%2Fmedia&parent=29"}],"curies":[{"name":"wp","href":"https:\/\/api.w.org\/{rel}","templated":true}]}}