{"id":32,"date":"2014-11-18T22:29:14","date_gmt":"2014-11-18T22:29:14","guid":{"rendered":"http:\/\/osrodekpsychologiczny.com\/?page_id=32"},"modified":"2014-11-22T20:54:31","modified_gmt":"2014-11-22T20:54:31","slug":"tajemnica-zawodowa","status":"publish","type":"page","link":"https:\/\/osrodekpsychologiczny.com\/?page_id=32","title":{"rendered":"Tajemnica Zawodowa"},"content":{"rendered":"<p>Ka\u017cda osoba zg\u0142aszaj\u0105ca si\u0119 do Polskiego O\u015brodka Psychologicznego powinna mie\u0107 \u015bwiadomo\u015b\u0107, \u017ce psychologa prowadz\u0105cego terapi\u0119 oraz inne osoby z naszego zespo\u0142u &#8211; obowi\u0105zuje tajemnica zawodowa.<br \/>\nM\u00f3wi o tym art. 21 Kodeksu Etyczno-Zawodowego Psychologa: &#8220;Psychologa obowiazuje przestrzeganie tajemnicy zawodowej. Ujawnienie wiadomosci objetych tajemnic\u0105 zawodow\u0105 mo\u017ce nast\u0105pi\u0107 jedynie wtedy, gdy powa\u017cnie zagro\u017cone jest bezpiecze\u0144stwo klienta lub innych os\u00f3b. Jesli jest to mozliwe, decyzje w tej sprawie nalezy dokladnie om\u00f3wic z doswiadczonym i bezstronnym kolega. Materialy poufne powinny byc komisyjnie zniszczone, jezeli zaistnieja warunki grozace ich ujawnieniem.&#8221;<\/p>\n<p>Informacj\u0105 poufn\u0105 jest nie tylko to, o czym klient m\u00f3wi, ale r\u00f3wniez to, \u017ce w og\u00f3le przychodzi do psychologa.<\/p>\n<p>W naszum O\u015brodku kierujemy si\u0119 zasad\u0105, i\u017c naczeln\u0105 wartosci\u0105 w ramach podejmowanych dziala\u0144 jest dobro drugiego czlowieka: we wszystkich naszych staraniach respektujemy podstawowe wartosci zwiazane z drugim czlowiekiem, jego godnosc, podmiotowosc, autonomi\u0119, prawo do intymno\u015bci i poufno\u015bci, prawo samostanowienia i kierowania sie wlasnym systemem wartosci.<\/p>\n<p>Osoby zg\u0142aszaj\u0105ce si\u0119 do naszego O\u015brodka maj\u0105 prawo do zachowania anonimowo\u015bci.<\/p>\n","protected":false},"excerpt":{"rendered":"<p>Ka\u017cda osoba zg\u0142aszaj\u0105ca si\u0119 do Polskiego O\u015brodka Psychologicznego powinna mie\u0107 \u015bwiadomo\u015b\u0107, \u017ce psychologa prowadz\u0105cego terapi\u0119 oraz inne osoby z naszego zespo\u0142u &#8211; obowi\u0105zuje tajemnica zawodowa. M\u00f3wi o tym art. 21 Kodeksu Etyczno-Zawodowego Psychologa: &#8220;Psychologa obowiazuje przestrzeganie tajemnicy zawodowej. Ujawnienie wiadomosci &hellip; <a class=\"more-link\" href=\"https:\/\/osrodekpsychologiczny.com\/?page_id=32\">Continue reading <span class=\"meta-nav\">&rarr;<\/span><\/a><\/p>\n","protected":false},"author":1,"featured_media":0,"parent":0,"menu_order":3,"comment_status":"closed","ping_status":"closed","template":"","meta":{"footnotes":""},"class_list":["post-32","page","type-page","status-publish","hentry"],"_links":{"self":[{"href":"https:\/\/osrodekpsychologiczny.com\/index.php?rest_route=\/wp\/v2\/pages\/32","targetHints":{"allow":["GET"]}}],"collection":[{"href":"https:\/\/osrodekpsychologiczny.com\/index.php?rest_route=\/wp\/v2\/pages"}],"about":[{"href":"https:\/\/osrodekpsychologiczny.com\/index.php?rest_route=\/wp\/v2\/types\/page"}],"author":[{"embeddable":true,"href":"https:\/\/osrodekpsychologiczny.com\/index.php?rest_route=\/wp\/v2\/users\/1"}],"replies":[{"embeddable":true,"href":"https:\/\/osrodekpsychologiczny.com\/index.php?rest_route=%2Fwp%2Fv2%2Fcomments&post=32"}],"version-history":[{"count":4,"href":"https:\/\/osrodekpsychologiczny.com\/index.php?rest_route=\/wp\/v2\/pages\/32\/revisions"}],"predecessor-version":[{"id":104,"href":"https:\/\/osrodekpsychologiczny.com\/index.php?rest_route=\/wp\/v2\/pages\/32\/revisions\/104"}],"wp:attachment":[{"href":"https:\/\/osrodekpsychologiczny.com\/index.php?rest_route=%2Fwp%2Fv2%2Fmedia&parent=32"}],"curies":[{"name":"wp","href":"https:\/\/api.w.org\/{rel}","templated":true}]}}