{"id":35,"date":"2014-11-18T22:29:58","date_gmt":"2014-11-18T22:29:58","guid":{"rendered":"http:\/\/osrodekpsychologiczny.com\/?page_id=35"},"modified":"2014-11-22T20:24:16","modified_gmt":"2014-11-22T20:24:16","slug":"nasi-przyjaciele","status":"publish","type":"page","link":"https:\/\/osrodekpsychologiczny.com\/?page_id=35","title":{"rendered":"Nasi Przyjaciele"},"content":{"rendered":"<p>W\u015br\u00f3d naszych przyjaci\u00f3\u0142 s\u0105 osoby, zainteresowane nasz\u0105 dzia\u0142alno\u015bci\u0105 i jej upowszechnianiem.<\/p>\n<p>W\u015br\u00f3d tych os\u00f3b s\u0105 nasi <b>sponsorzy<\/b>, kt\u00f3rym zale\u017cy na kontynuacji rozpocz\u0119tych przez nas dzia\u0142a\u0144 i wspieraniem naszych inicjatyw. Jeste\u015bmy za to bardzo wdzi\u0119czni! Dzi\u0119kujemy<\/p>\n<p>Inn\u0105 grup\u0119 naszych przyjaci\u00f3\u0142 stanowi\u0105 <b>woluntariusze<\/b>, kt\u00f3rzy po\u015bwi\u0119caj\u0105 sw\u00f3j czas i anga\u017cuj\u0105 si\u0119 w prac\u0119 spo\u0142eczn\u0105, pomagaj\u0105c nam w naszych dzia\u0142aniach, g\u0142\u00f3wnie w przygotowaniu warsztat\u00f3w i zaj\u0119\u0107 przeznaczonych zar\u00f3wno dla doros\u0142ych jak i dla dzieci. Dzi\u0119kujemy!!!<\/p>\n<p>Na zako\u0144czenie pragniemy doda\u0107, \u017ce ka\u017cdy nowy przyjaciel jest u nas mile widziany!!! Zapraszamy!!!<\/p>\n<p>Oto niekt\u00f3re korzysci wynikajace z bycia wolontariuszem:<\/p>\n<ul>\n<li>Poznanie interesujacych ludzi<\/li>\n<li>Nowe przyjaznie<\/li>\n<li>Pomoc innym<\/li>\n<li>Swiadomosc, ze robi sie cos istotnego i pozytecznego<\/li>\n<li>Zdobycie umiejetnosci praktycznych<\/li>\n<li>Mozliwosc wykazania sie i sprawdzenia swoich mozliwosci<\/li>\n<li>Lepsze poznanie samego siebie<\/li>\n<\/ul>\n","protected":false},"excerpt":{"rendered":"<p>W\u015br\u00f3d naszych przyjaci\u00f3\u0142 s\u0105 osoby, zainteresowane nasz\u0105 dzia\u0142alno\u015bci\u0105 i jej upowszechnianiem. W\u015br\u00f3d tych os\u00f3b s\u0105 nasi sponsorzy, kt\u00f3rym zale\u017cy na kontynuacji rozpocz\u0119tych przez nas dzia\u0142a\u0144 i wspieraniem naszych inicjatyw. Jeste\u015bmy za to bardzo wdzi\u0119czni! Dzi\u0119kujemy Inn\u0105 grup\u0119 naszych przyjaci\u00f3\u0142 stanowi\u0105 &hellip; <a class=\"more-link\" href=\"https:\/\/osrodekpsychologiczny.com\/?page_id=35\">Continue reading <span class=\"meta-nav\">&rarr;<\/span><\/a><\/p>\n","protected":false},"author":1,"featured_media":0,"parent":0,"menu_order":4,"comment_status":"closed","ping_status":"closed","template":"","meta":{"footnotes":""},"class_list":["post-35","page","type-page","status-publish","hentry"],"_links":{"self":[{"href":"https:\/\/osrodekpsychologiczny.com\/index.php?rest_route=\/wp\/v2\/pages\/35","targetHints":{"allow":["GET"]}}],"collection":[{"href":"https:\/\/osrodekpsychologiczny.com\/index.php?rest_route=\/wp\/v2\/pages"}],"about":[{"href":"https:\/\/osrodekpsychologiczny.com\/index.php?rest_route=\/wp\/v2\/types\/page"}],"author":[{"embeddable":true,"href":"https:\/\/osrodekpsychologiczny.com\/index.php?rest_route=\/wp\/v2\/users\/1"}],"replies":[{"embeddable":true,"href":"https:\/\/osrodekpsychologiczny.com\/index.php?rest_route=%2Fwp%2Fv2%2Fcomments&post=35"}],"version-history":[{"count":4,"href":"https:\/\/osrodekpsychologiczny.com\/index.php?rest_route=\/wp\/v2\/pages\/35\/revisions"}],"predecessor-version":[{"id":103,"href":"https:\/\/osrodekpsychologiczny.com\/index.php?rest_route=\/wp\/v2\/pages\/35\/revisions\/103"}],"wp:attachment":[{"href":"https:\/\/osrodekpsychologiczny.com\/index.php?rest_route=%2Fwp%2Fv2%2Fmedia&parent=35"}],"curies":[{"name":"wp","href":"https:\/\/api.w.org\/{rel}","templated":true}]}}